{"id":67,"date":"2016-12-29T16:26:23","date_gmt":"2016-12-29T15:26:23","guid":{"rendered":"http:\/\/www.gosouth.ch\/?page_id=67"},"modified":"2017-04-22T21:49:43","modified_gmt":"2017-04-22T19:49:43","slug":"preise","status":"publish","type":"page","link":"https:\/\/www.gosouth.ch\/?page_id=67&lang=de","title":{"rendered":"Preise"},"content":{"rendered":"<h2>Tolle M\u00f6glichkeiten f\u00fcr jedes Budget<\/h2>\n<p>S\u00fcdafrika bietet f\u00fcr jedes Budget interessante M\u00f6glichkeiten. Von ganz einfach bis luxuri\u00f6s ist alles m\u00f6glich. Ein klassisches \u201eBillig Reiseland\u201c ist S\u00fcdafrika allerdings nicht.<\/p>\n<p>Der Preis einer Tour mit GoSouth ist erschwinglich! Die Kosten variieren und sind abh\u00e4ngig von der gew\u00fcnschten Reiseroute, der Gruppengr\u00f6sse und der Reisedauer.<\/p>\n<p>Teilen Sie uns Ihre Vorstellungen und W\u00fcnsche mit und wir stellen Ihnen gerne eine Reiseofferte zusammen.<\/p>\n<p>GoSouth Team<\/p>\n","protected":false},"excerpt":{"rendered":"<p>Tolle M\u00f6glichkeiten f\u00fcr jedes Budget S\u00fcdafrika bietet f\u00fcr jedes Budget interessante M\u00f6glichkeiten. Von ganz einfach bis luxuri\u00f6s ist alles m\u00f6glich.[&#8230;]<\/p>\n","protected":false},"author":1,"featured_media":0,"parent":0,"menu_order":0,"comment_status":"closed","ping_status":"closed","template":"","meta":{"jetpack_post_was_ever_published":false,"footnotes":""},"class_list":["post-67","page","type-page","status-publish","hentry"],"jetpack_sharing_enabled":true,"jetpack_shortlink":"https:\/\/wp.me\/P7RG3R-15","_links":{"self":[{"href":"https:\/\/www.gosouth.ch\/index.php?rest_route=\/wp\/v2\/pages\/67","targetHints":{"allow":["GET"]}}],"collection":[{"href":"https:\/\/www.gosouth.ch\/index.php?rest_route=\/wp\/v2\/pages"}],"about":[{"href":"https:\/\/www.gosouth.ch\/index.php?rest_route=\/wp\/v2\/types\/page"}],"author":[{"embeddable":true,"href":"https:\/\/www.gosouth.ch\/index.php?rest_route=\/wp\/v2\/users\/1"}],"replies":[{"embeddable":true,"href":"https:\/\/www.gosouth.ch\/index.php?rest_route=%2Fwp%2Fv2%2Fcomments&post=67"}],"version-history":[{"count":4,"href":"https:\/\/www.gosouth.ch\/index.php?rest_route=\/wp\/v2\/pages\/67\/revisions"}],"predecessor-version":[{"id":769,"href":"https:\/\/www.gosouth.ch\/index.php?rest_route=\/wp\/v2\/pages\/67\/revisions\/769"}],"wp:attachment":[{"href":"https:\/\/www.gosouth.ch\/index.php?rest_route=%2Fwp%2Fv2%2Fmedia&parent=67"}],"curies":[{"name":"wp","href":"https:\/\/api.w.org\/{rel}","templated":true}]}}