{"id":30,"date":"2016-12-26T14:41:59","date_gmt":"2016-12-26T13:41:59","guid":{"rendered":"http:\/\/www.gosouth.ch\/?page_id=30"},"modified":"2019-04-30T22:30:13","modified_gmt":"2019-04-30T20:30:13","slug":"offene-reisedaten","status":"publish","type":"page","link":"https:\/\/www.gosouth.ch\/?page_id=30&lang=de","title":{"rendered":"Offene Reisedaten"},"content":{"rendered":"<h2>Der n\u00e4chste Schritt liegt bei Ihnen<\/h2>\n<p><a href=\"#\">Ab Oktober 2020\u00a0<\/a>k\u00f6nnen wir die n\u00e4chsten Touren anbieten.<\/p>\n<p>Nehmen Sie, wenn immer m\u00f6glich, fr\u00fchzeitig mit uns <a href=\"http:\/\/www.gosouth.ch\/?page_id=70&amp;lang=de\">Kontakt<\/a> auf. Gen\u00fcgend Vorbereitungszeit erm\u00f6glicht eine optimale Planung und vielfach auch ein noch besseres Leistungsangebot.<\/p>\n<p>Wir freuen uns auf Sie!<\/p>\n<p>GoSouth Team<\/p>\n","protected":false},"excerpt":{"rendered":"<p>Der n\u00e4chste Schritt liegt bei Ihnen Ab Oktober 2020\u00a0k\u00f6nnen wir die n\u00e4chsten Touren anbieten. Nehmen Sie, wenn immer m\u00f6glich, fr\u00fchzeitig[&#8230;]<\/p>\n","protected":false},"author":1,"featured_media":308,"parent":0,"menu_order":0,"comment_status":"closed","ping_status":"closed","template":"","meta":{"jetpack_post_was_ever_published":false,"footnotes":""},"class_list":["post-30","page","type-page","status-publish","has-post-thumbnail","hentry"],"jetpack_sharing_enabled":true,"jetpack_shortlink":"https:\/\/wp.me\/P7RG3R-u","_links":{"self":[{"href":"https:\/\/www.gosouth.ch\/index.php?rest_route=\/wp\/v2\/pages\/30","targetHints":{"allow":["GET"]}}],"collection":[{"href":"https:\/\/www.gosouth.ch\/index.php?rest_route=\/wp\/v2\/pages"}],"about":[{"href":"https:\/\/www.gosouth.ch\/index.php?rest_route=\/wp\/v2\/types\/page"}],"author":[{"embeddable":true,"href":"https:\/\/www.gosouth.ch\/index.php?rest_route=\/wp\/v2\/users\/1"}],"replies":[{"embeddable":true,"href":"https:\/\/www.gosouth.ch\/index.php?rest_route=%2Fwp%2Fv2%2Fcomments&post=30"}],"version-history":[{"count":8,"href":"https:\/\/www.gosouth.ch\/index.php?rest_route=\/wp\/v2\/pages\/30\/revisions"}],"predecessor-version":[{"id":1866,"href":"https:\/\/www.gosouth.ch\/index.php?rest_route=\/wp\/v2\/pages\/30\/revisions\/1866"}],"wp:featuredmedia":[{"embeddable":true,"href":"https:\/\/www.gosouth.ch\/index.php?rest_route=\/wp\/v2\/media\/308"}],"wp:attachment":[{"href":"https:\/\/www.gosouth.ch\/index.php?rest_route=%2Fwp%2Fv2%2Fmedia&parent=30"}],"curies":[{"name":"wp","href":"https:\/\/api.w.org\/{rel}","templated":true}]}}