{"id":26,"date":"2016-12-26T14:37:57","date_gmt":"2016-12-26T13:37:57","guid":{"rendered":"http:\/\/www.gosouth.ch\/?page_id=26"},"modified":"2018-05-27T16:42:13","modified_gmt":"2018-05-27T14:42:13","slug":"tourleaders","status":"publish","type":"page","link":"https:\/\/www.gosouth.ch\/?page_id=26&lang=de","title":{"rendered":"Tourleaders"},"content":{"rendered":"<h2>Auf uns k\u00f6nnen Sie z\u00e4hlen!<\/h2>\n<p>Reisebegleitung und professionelle Guides vor Ort.<\/p>\n<p><a href=\"#\">Yvonne Wyss<\/a><\/p>\n<p><img data-recalc-dims=\"1\" loading=\"lazy\" decoding=\"async\" class=\"size-medium wp-image-302 alignleft\" src=\"https:\/\/i0.wp.com\/www.gosouth.ch\/wp-content\/uploads\/2016\/12\/DSC02363-231x300.jpg?resize=231%2C300\" alt=\"\" width=\"231\" height=\"300\" srcset=\"https:\/\/i0.wp.com\/www.gosouth.ch\/wp-content\/uploads\/2016\/12\/DSC02363.jpg?resize=231%2C300&amp;ssl=1 231w, https:\/\/i0.wp.com\/www.gosouth.ch\/wp-content\/uploads\/2016\/12\/DSC02363.jpg?resize=768%2C998&amp;ssl=1 768w, https:\/\/i0.wp.com\/www.gosouth.ch\/wp-content\/uploads\/2016\/12\/DSC02363.jpg?resize=788%2C1024&amp;ssl=1 788w, https:\/\/i0.wp.com\/www.gosouth.ch\/wp-content\/uploads\/2016\/12\/DSC02363.jpg?w=1293&amp;ssl=1 1293w\" sizes=\"auto, (max-width: 231px) 100vw, 231px\" \/>Mein Name ist Yvonne Wyss, ich bin 1971 in Zug (CH) geboren und aufgewachsen. Lebensfroh und neugierig, mit reichlich Reise- und Zigeunerblut ausgestattet, zog es mich schon fr\u00fch in die weite Welt hinaus. Ferien und Urlaube nutzte ich immer, um fremde L\u00e4nder kennen zu lernen oder mit dem Camper durch Europa zu kurven.<\/p>\n<p>Den afrikanischen Kontinent habe ich schon mehrfach bereist und begeistert erkundet. Es ist S\u00fcdafrika, das mich vom ersten Augenblick in seinen Bann zog. Im Jahr 2008 habe ich dieses Land zum ersten Mal betreten und dabei sofort Feuer gefangen!<\/p>\n<p>Tausende von Kilometer habe ich inzwischen auf eigene Faust bereist. Durch meine Liebe zu diesem Land und den Menschen habe ich wertvolle pers\u00f6nliche Kontakte gekn\u00fcpft und Freunde gewonnen. Mittlerweile verbringe ich bis zu f\u00fcnf Monaten j\u00e4hrlich in diesem sch\u00f6nen Land.<\/p>\n<p>Im Fr\u00fchling 2015 absolvierte ich in Kapstadt erfolgreich die Pr\u00fcfung als Tourist Guide und konnte mein Wissen \u00fcber Land und Kultur vertiefen.<\/p>\n<p>Seither organisiere ich bis zu dreiw\u00f6chige Gruppenreisen von der Schweiz aus. Diese Touren begleite ich auf Wunsch und engagiere daf\u00fcr professionelle, lokale Guides jeweils vor Ort.<\/p>\n<p>Beruflich immer engagiert, war ich im Tourismus, als HR Fachfrau im Sportfachhandel und w\u00e4hrend 12 Jahren als Coach f\u00fcr berufliche Fragen im Auftrag einer Organisation des Kantons Zug t\u00e4tig. Die Arbeit und der pers\u00f6nliche Kontakt mit Menschen stand bei mir schon immer im Mittelpunkt.<\/p>\n<p>Egal was ich tue, ich arbeite immer mit viel Begeisterung und Freude, einem pers\u00f6nlichen Touch, verantwortungsbewusst und zuverl\u00e4ssig.<\/p>\n<hr \/>\n<p>&nbsp;<\/p>\n","protected":false},"excerpt":{"rendered":"<p>Auf uns k\u00f6nnen Sie z\u00e4hlen! Reisebegleitung und professionelle Guides vor Ort. Yvonne Wyss Mein Name ist Yvonne Wyss, ich bin[&#8230;]<\/p>\n","protected":false},"author":1,"featured_media":1352,"parent":0,"menu_order":0,"comment_status":"closed","ping_status":"closed","template":"","meta":{"jetpack_post_was_ever_published":false,"footnotes":""},"class_list":["post-26","page","type-page","status-publish","has-post-thumbnail","hentry"],"jetpack_sharing_enabled":true,"jetpack_shortlink":"https:\/\/wp.me\/P7RG3R-q","_links":{"self":[{"href":"https:\/\/www.gosouth.ch\/index.php?rest_route=\/wp\/v2\/pages\/26","targetHints":{"allow":["GET"]}}],"collection":[{"href":"https:\/\/www.gosouth.ch\/index.php?rest_route=\/wp\/v2\/pages"}],"about":[{"href":"https:\/\/www.gosouth.ch\/index.php?rest_route=\/wp\/v2\/types\/page"}],"author":[{"embeddable":true,"href":"https:\/\/www.gosouth.ch\/index.php?rest_route=\/wp\/v2\/users\/1"}],"replies":[{"embeddable":true,"href":"https:\/\/www.gosouth.ch\/index.php?rest_route=%2Fwp%2Fv2%2Fcomments&post=26"}],"version-history":[{"count":8,"href":"https:\/\/www.gosouth.ch\/index.php?rest_route=\/wp\/v2\/pages\/26\/revisions"}],"predecessor-version":[{"id":1398,"href":"https:\/\/www.gosouth.ch\/index.php?rest_route=\/wp\/v2\/pages\/26\/revisions\/1398"}],"wp:featuredmedia":[{"embeddable":true,"href":"https:\/\/www.gosouth.ch\/index.php?rest_route=\/wp\/v2\/media\/1352"}],"wp:attachment":[{"href":"https:\/\/www.gosouth.ch\/index.php?rest_route=%2Fwp%2Fv2%2Fmedia&parent=26"}],"curies":[{"name":"wp","href":"https:\/\/api.w.org\/{rel}","templated":true}]}}