{"id":24,"date":"2016-12-26T14:32:33","date_gmt":"2016-12-26T13:32:33","guid":{"rendered":"http:\/\/www.gosouth.ch\/?page_id=24"},"modified":"2016-12-30T11:52:12","modified_gmt":"2016-12-30T10:52:12","slug":"beratung-und-organisation","status":"publish","type":"page","link":"https:\/\/www.gosouth.ch\/?page_id=24&lang=de","title":{"rendered":"Beratung und Organisation"},"content":{"rendered":"<h2>Ihre Reise beginnt bereits bei der Planung mit uns.<\/h2>\n<p>Sobald Sie sich f\u00fcr eine Reise mit GoSouth entschieden haben, beginnt die Detailausarbeitung Ihrer Tour.<\/p>\n<p>Gemeinsam planen macht Spass und weckt Vorfreude. Wir nehmen uns viel Zeit f\u00fcr Sie und gehen, wenn immer m\u00f6glich, auf Ihre Reisew\u00fcnsche ein oder empfehlen Alternativen.<\/p>\n<p>Es ist uns wichtig und sehr daran gelegen, Ihre Bed\u00fcrfnisse zu erkennen, damit wir f\u00fcr Sie eine passende Tour planen und organisieren. Ihr pers\u00f6nlicher Touch soll sp\u00fcrbar sein. Wir m\u00f6chten, dass Sie w\u00e4hrend Ihren Ferien voll auf Ihre Kosten kommen und einfach nur geniessen und entspannen.<\/p>\n<p>Sp\u00e4testens bei der \u00dcbergabe Ihres pers\u00f6nlichen Reiseprogramms werden Sie den Start der Reise kaum erwarten k\u00f6nnen.<\/p>\n","protected":false},"excerpt":{"rendered":"<p>Ihre Reise beginnt bereits bei der Planung mit uns. Sobald Sie sich f\u00fcr eine Reise mit GoSouth entschieden haben, beginnt[&#8230;]<\/p>\n","protected":false},"author":1,"featured_media":92,"parent":0,"menu_order":0,"comment_status":"closed","ping_status":"closed","template":"","meta":{"jetpack_post_was_ever_published":false,"footnotes":""},"class_list":["post-24","page","type-page","status-publish","has-post-thumbnail","hentry"],"jetpack_sharing_enabled":true,"jetpack_shortlink":"https:\/\/wp.me\/P7RG3R-o","_links":{"self":[{"href":"https:\/\/www.gosouth.ch\/index.php?rest_route=\/wp\/v2\/pages\/24","targetHints":{"allow":["GET"]}}],"collection":[{"href":"https:\/\/www.gosouth.ch\/index.php?rest_route=\/wp\/v2\/pages"}],"about":[{"href":"https:\/\/www.gosouth.ch\/index.php?rest_route=\/wp\/v2\/types\/page"}],"author":[{"embeddable":true,"href":"https:\/\/www.gosouth.ch\/index.php?rest_route=\/wp\/v2\/users\/1"}],"replies":[{"embeddable":true,"href":"https:\/\/www.gosouth.ch\/index.php?rest_route=%2Fwp%2Fv2%2Fcomments&post=24"}],"version-history":[{"count":4,"href":"https:\/\/www.gosouth.ch\/index.php?rest_route=\/wp\/v2\/pages\/24\/revisions"}],"predecessor-version":[{"id":1374,"href":"https:\/\/www.gosouth.ch\/index.php?rest_route=\/wp\/v2\/pages\/24\/revisions\/1374"}],"wp:featuredmedia":[{"embeddable":true,"href":"https:\/\/www.gosouth.ch\/index.php?rest_route=\/wp\/v2\/media\/92"}],"wp:attachment":[{"href":"https:\/\/www.gosouth.ch\/index.php?rest_route=%2Fwp%2Fv2%2Fmedia&parent=24"}],"curies":[{"name":"wp","href":"https:\/\/api.w.org\/{rel}","templated":true}]}}