{"id":22,"date":"2016-12-26T14:30:58","date_gmt":"2016-12-26T13:30:58","guid":{"rendered":"http:\/\/www.gosouth.ch\/?page_id=22"},"modified":"2016-12-30T16:30:32","modified_gmt":"2016-12-30T15:30:32","slug":"gosouth-kunden","status":"publish","type":"page","link":"https:\/\/www.gosouth.ch\/?page_id=22&lang=de","title":{"rendered":"GoSouth Kunden"},"content":{"rendered":"<h2>Bei uns sind Sie goldrichtig\u2026<\/h2>\n<p>\u2026wenn Sie es sch\u00e4tzen, sich einfach zur\u00fcckzulehnen und die Organisation und Durchf\u00fchrung Ihrer Reise Afrika-Kundigen zu \u00fcberlassen.<\/p>\n<p>Wir arbeiten mit viel Begeisterung und pers\u00f6nlichem Engagement. Unser Angebot richtet sich an:<\/p>\n<ul>\n<li><span style=\"color: #00ccff;\">Gruppen<\/span>, die eine von A-Z pers\u00f6nlich gef\u00fchrte Rundreise buchen und dabei Einfluss auf das Reiseprogramm nehmen m\u00f6chten.<br \/>\n<hr \/>\n<\/li>\n<li><span style=\"color: #00ccff;\">Beruflich stark engagierte Menschen<\/span>, die \u00fcber zu wenig Zeit f\u00fcr die Planung der Reise verf\u00fcgen und dies einem Profi \u00fcberlassen, auch w\u00e4hrend der Reise.<br \/>\n<hr \/>\n<\/li>\n<li><span style=\"color: #00ccff;\">Singles<\/span>, die keine Reisebegleitung haben aber nicht alleine unterwegs sein m\u00f6chten.<br \/>\n<hr \/>\n<\/li>\n<li><span style=\"color: #00ccff;\">Einzelpersonen oder Paare<\/span>, die autonomes Reisen bevorzugen, jedoch die ersten Tage ihrer Tour begleitet erleben m\u00f6chten, damit sie mit Land, Leuten und Reisebedingungen vertraut werden.<\/li>\n<\/ul>\n<p>Und selbstverst\u00e4ndlich <span style=\"color: #00ccff;\">alle Personen<\/span>, die sich von GoSouth angesprochen f\u00fchlen.<\/p>\n<p>Wir freuen uns auf Sie!<\/p>\n<p>GoSouth Team<\/p>\n","protected":false},"excerpt":{"rendered":"<p>Bei uns sind Sie goldrichtig\u2026 \u2026wenn Sie es sch\u00e4tzen, sich einfach zur\u00fcckzulehnen und die Organisation und Durchf\u00fchrung Ihrer Reise Afrika-Kundigen[&#8230;]<\/p>\n","protected":false},"author":1,"featured_media":91,"parent":0,"menu_order":0,"comment_status":"closed","ping_status":"closed","template":"","meta":{"jetpack_post_was_ever_published":false,"footnotes":""},"class_list":["post-22","page","type-page","status-publish","has-post-thumbnail","hentry"],"jetpack_sharing_enabled":true,"jetpack_shortlink":"https:\/\/wp.me\/P7RG3R-m","_links":{"self":[{"href":"https:\/\/www.gosouth.ch\/index.php?rest_route=\/wp\/v2\/pages\/22","targetHints":{"allow":["GET"]}}],"collection":[{"href":"https:\/\/www.gosouth.ch\/index.php?rest_route=\/wp\/v2\/pages"}],"about":[{"href":"https:\/\/www.gosouth.ch\/index.php?rest_route=\/wp\/v2\/types\/page"}],"author":[{"embeddable":true,"href":"https:\/\/www.gosouth.ch\/index.php?rest_route=\/wp\/v2\/users\/1"}],"replies":[{"embeddable":true,"href":"https:\/\/www.gosouth.ch\/index.php?rest_route=%2Fwp%2Fv2%2Fcomments&post=22"}],"version-history":[{"count":4,"href":"https:\/\/www.gosouth.ch\/index.php?rest_route=\/wp\/v2\/pages\/22\/revisions"}],"predecessor-version":[{"id":106,"href":"https:\/\/www.gosouth.ch\/index.php?rest_route=\/wp\/v2\/pages\/22\/revisions\/106"}],"wp:featuredmedia":[{"embeddable":true,"href":"https:\/\/www.gosouth.ch\/index.php?rest_route=\/wp\/v2\/media\/91"}],"wp:attachment":[{"href":"https:\/\/www.gosouth.ch\/index.php?rest_route=%2Fwp%2Fv2%2Fmedia&parent=22"}],"curies":[{"name":"wp","href":"https:\/\/api.w.org\/{rel}","templated":true}]}}