{"id":2,"date":"2016-12-26T13:54:41","date_gmt":"2016-12-26T12:54:41","guid":{"rendered":"http:\/\/www.gosouth.ch\/?page_id=2"},"modified":"2018-05-27T16:10:07","modified_gmt":"2018-05-27T14:10:07","slug":"beispiel-seite","status":"publish","type":"page","link":"https:\/\/www.gosouth.ch\/?page_id=2&lang=de","title":{"rendered":"Herzlich willkommen auf GoSouth!"},"content":{"rendered":"<h2>Herzlich willkommen auf GoSouth!<\/h2>\n<p>Tauchen Sie ein ins\u00a0wundersch\u00f6ne S\u00fcdafrika\u00a0und erfahren Sie mehr \u00fcber uns und unser Angebot. Der\u00a0Reiseblog\u00a0bietet Interessierten die M\u00f6glichkeit, virtuell mit uns mitzureisen.<br \/>\nMittels\u00a0ausl\u00f6setaste Fernweh, wurden alle Fotos von uns pers\u00f6nlich oder Mitreisenden aufgenommen.<\/p>\n<p>Wir w\u00fcnschen Ihnen viel Vergn\u00fcgen beim Herumst\u00f6bern und mitreisen!<\/p>\n<h3>GoSouth \u2013 reise nach S\u00fcdafrika!<\/h3>\n<p>&nbsp;<\/p>\n<p>&nbsp;<\/p>\n<style type='text\/css'>\r\n\t\t\t#startseitepjc-slideshow .frs-timer { display: none !important; }\r\n\t\t\t\t\t\r\n\t\t\t\r\n\t\t\t\t\r\n\t\t\t#startseitepjc-slideshow .frs-slider-nav { display:none !important; }\t\r\n\t\t\t#startseitepjc .frs-wrapper .frs-caption {\r\n\t\t\t\tdisplay:none;\r\n\t\t\t}\r\n\t\t\t#startseitepjc-slideshow .frs-caption h4, #startseitepjc-slideshow .frs-caption-inner h4{\r\n\t\t\t\tfont-size:11px;\r\n\t\t\t    margin:0px;\t\t\r\n\t\t\t}\r\n\t\t\t#startseitepjc-slideshow .frs-caption p, #startseitepjc-slideshow .frs-caption-inner p{\r\n\t\t\t    margin:0px;\t\t\r\n\t\t\t    font-size:16px;\r\n\t\t\t}\r\n\t\t\t.frs-slideshow-container span.frs-caption {\r\n\t\t\t\theight: 0px !important;\r\n\t\t\t\tposition: absolute;\r\n\t\t\t}\r\n\t\t\t.frs-caption-content div h1, .frs-caption-content div h2, .frs-caption-content div h3, .frs-caption-content div h4, .frs-caption-content div p {\r\n\t\t\t\tcolor: inherit !important;\r\n\t\t\t\ttext-align: inherit !important;\r\n\t\t\t\tline-height: 1.5;\r\n\t\t\t}\r\n\t\t\t#startseitepjc .frs-wrapper .frs-bullets-wrapper{ display:none !important; height:0px !important; }\r\n\t\t<\/style><link rel='stylesheet' href='https:\/\/www.gosouth.ch\/wp-content\/plugins\/fluid-responsive-slideshow\/buttons\/frs-buttonskin-white.css' type='text\/css'><style>.frs-slideshow-container#startseitepjc {\r\n\tmargin-top: 25px;\r\n\tmargin-bottom: 75px;\r\n}<\/style><!-- Slideshow generated using Fluid-Responsive-Slideshow, https:\/\/www.tonjoostudio.com\/addons\/fluid-responsive-slideshow\/ -->\r\n\t\t<script type='text\/javascript'>\r\n\t\t\tjQuery(document).ready(function($) {\r\n\t\t\t\t$('#startseitepjc').frs({\r\n\t\t\t\t\tanimation : 'fade', \/\/ horizontal-slide, vertical-slide, fade\r\n\t\t\t\t\tanimationSpeed :  2000, \/\/ how fast animtions are\r\n\t\t\t\t\ttimer :  true, \/\/ true or false to have the timer\r\n\t\t\t\t\tadvanceSpeed :   4000, \/\/ if timer is enabled, time between transitions\r\n\t\t\t\t\tpauseOnHover : false, \/\/ if you hover pauses the slider\r\n\t\t\t\t\tstartClockOnMouseOut :  false, \/\/ if clock should start on MouseOut\r\n\t\t\t\t\tstartClockOnMouseOutAfter :  800, \/\/ how long after MouseOut should the timer start again\r\n\t\t\t\t\tdirectionalNav : true, \/\/ manual advancing directional navs\r\n\t\t\t\t\tcaptions : true, \/\/ do you want captions?\r\n\t\t\t\t\tcaptionAnimation : 'fade', \/\/ fade, slideOpen, none\r\n\t\t\t\t\tcaptionAnimationSpeed : 800, \/\/ if so how quickly should they animate in\r\n\t\t\t\t\tbullets :  true, \/\/ true or false to activate the bullet navigation\r\n\t\t\t\t\tbulletThumbs : true, \/\/ thumbnails for the bullets\r\n\t\t\t\t\tbulletThumbLocation : '', \/\/ location from this file where thumbs will be\r\n\t\t\t\t\tnavigationSmallTreshold:  false,\r\n\t\t\t\t\tnavigationSmall: 600,\r\n\t\t\t\t\tskinClass: 'frs-skin-minimalist',\r\n\t\t\t\t\twidth: 650,\r\n\t\t\t\t\theight: 350,\r\n\t\t\t\t\tfullWidth: true,\r\n\t\t\t\t\tminHeight: 300,\r\n\t\t\t\t\tmaxHeight: 0,\r\n\t\t\t\t\tsbullets: false,\r\n\t\t\t\t\tsbulletsItemWidth: 200,\r\n\t\t\t\t\tcontinousSliding: false,\r\n\t\t\t\t\tjsOnly: false\r\n\t\t\t\t});\t\t\r\n\t\t\t\t\t\t\r\n\t\t\t\t\/**\r\n\t\t\t\t * touchSwipe\r\n\t\t\t\t *\/\r\n\t\t\t\t$('#startseitepjc-slideshow .frs-slide-img').swipe( \r\n\t\t\t\t{\r\n\t\t\t        swipeLeft:function(event, direction, distance, duration, fingerCount) {\r\n\t\t\t\t\t\t$('#startseitepjc-slideshow .frs-slider-nav .frs-arrow-right').click();\t\t\t\t\t\t\r\n\t\t\t\t\t},\r\n\r\n\t\t\t\t\tswipeRight:function(event, direction, distance, duration, fingerCount) {\r\n\t\t\t\t\t\t$('#startseitepjc-slideshow .frs-slider-nav .frs-arrow-left').click();\r\n\t\t\t\t\t},\r\n\r\n\t\t\t        triggerOnTouchLeave:true\r\n\t\t\t    });\r\n\t\t\t})\t\t\r\n\t\t<\/script>\r\n\t\t<!--[if lt IE 9]>\r\n\t\t\t<style type='text\/css'>\r\n\t\t\t#startseitepjc-slideshow .frs-timer { display: none !important; }\r\n\t\t\t#startseitepjc-slideshow div.caption { background:transparent; filter:progid:DXImageTransform.Microsoft.gradient(startColorstr=#99000000,endColorstr=#99000000);zoom: 1; }\r\n\t\t\t<\/style>\r\n\t\t<![endif]--><div class='frs-slideshow-container' id='startseitepjc'><div class='frs-slide-img-wrapper' style='display:none;'><div class='frs-slide-img' style = 'display:none;background:#000000' ><img data-recalc-dims=\"1\" alt='Cape Town' src=\"https:\/\/i0.wp.com\/www.gosouth.ch\/wp-content\/uploads\/2017\/01\/IMG_0234.jpg?w=840&#038;ssl=1\" \/><\/div><div class='frs-slide-img' style = 'display:none;background:#000000' ><img data-recalc-dims=\"1\" alt='Elephant Baby care' src=\"https:\/\/i0.wp.com\/www.gosouth.ch\/wp-content\/uploads\/2017\/01\/P1000478-e1471472943347.jpg?w=840&#038;ssl=1\" \/><\/div><div class='frs-slide-img' style = 'display:none;background:#000000' ><img data-recalc-dims=\"1\" alt='3000 km Coastline' src=\"https:\/\/i0.wp.com\/www.gosouth.ch\/wp-content\/uploads\/2017\/01\/DSC017491.jpg?w=840&#038;ssl=1\" \/><\/div><div class='frs-slide-img' style = 'display:none;background:#000000' ><img data-recalc-dims=\"1\" alt='Valley of Desolation' src=\"https:\/\/i0.wp.com\/www.gosouth.ch\/wp-content\/uploads\/2017\/01\/South-Africa-Teil-zwei-ab-Clarens-inkl-Rest-Drakensberge-126.jpg?w=840&#038;ssl=1\" \/><\/div><div class='frs-slide-img' style = 'display:none;background:#000000' ><img data-recalc-dims=\"1\" height=\"630\" width=\"840\" alt='Karoo Sunset' src=\"https:\/\/i0.wp.com\/www.gosouth.ch\/wp-content\/uploads\/2016\/12\/P1010204-1024x768.jpg?resize=840%2C630&#038;ssl=1\" \/><\/div><div class='frs-slide-img' style = 'display:none;background:#000000' ><img data-recalc-dims=\"1\" alt='Enjoy!' src=\"https:\/\/i0.wp.com\/www.gosouth.ch\/wp-content\/uploads\/2017\/01\/DSC07782.jpg?w=840&#038;ssl=1\" \/><\/div><div class='frs-slide-img' style = 'display:none;background:#000000' ><img data-recalc-dims=\"1\" alt='Bo Kaap' src=\"https:\/\/i0.wp.com\/www.gosouth.ch\/wp-content\/uploads\/2017\/01\/0091-20160110_172920.jpg?w=840&#038;ssl=1\" \/><\/div><div class='frs-slide-img' style = 'display:none;background:#000000' ><img data-recalc-dims=\"1\" alt='Cape of Good Hope' src=\"https:\/\/i0.wp.com\/www.gosouth.ch\/wp-content\/uploads\/2017\/01\/Cape_of_Goodhope.png?w=840&#038;ssl=1\" \/><\/div><div class='frs-slide-img' style = 'display:none;background:#000000' ><img data-recalc-dims=\"1\" alt='African Smile' src=\"https:\/\/i0.wp.com\/www.gosouth.ch\/wp-content\/uploads\/2017\/01\/Nov_Dez_2008-192.jpg?w=840&#038;ssl=1\" \/><\/div><div class='frs-slide-img' style = 'display:none;background:#000000' ><img data-recalc-dims=\"1\" alt='Table Mountain with Flowers' src=\"https:\/\/i0.wp.com\/www.gosouth.ch\/wp-content\/uploads\/2016\/12\/P1000070.jpg?w=840&#038;ssl=1\" \/><\/div><div class='frs-slide-img' style = 'display:none;background:#000000' ><img data-recalc-dims=\"1\" alt='How do you do?' src=\"https:\/\/i0.wp.com\/www.gosouth.ch\/wp-content\/uploads\/2017\/01\/Erdmaennchen_alle.png?w=840&#038;ssl=1\" \/><\/div><div class='frs-slide-img' style = 'display:none;background:#000000' ><img data-recalc-dims=\"1\" alt='West Coast Colours' src=\"https:\/\/i0.wp.com\/www.gosouth.ch\/wp-content\/uploads\/2017\/01\/P1050134.jpg?w=840&#038;ssl=1\" \/><\/div><div class='frs-slide-img' style = 'display:none;background:#000000' ><img data-recalc-dims=\"1\" alt='Gestreift' src=\"https:\/\/i0.wp.com\/www.gosouth.ch\/wp-content\/uploads\/2016\/12\/thumb_P1000491_1024.jpg?w=840&#038;ssl=1\" \/><div class='frs-caption frs-caption-position-left' style='display: block;' id='captionstartseitepjc'><div class='frs-caption-outer' style='height:100%;width:100%;display:table;'><div class='frs-caption-inner' style='text-align:left; height:100%;display:table-cell;'><div class='frs-caption-content' style='width: 41.666666666667%; background: url(\"https:\/\/www.gosouth.ch\/wp-content\/plugins\/fluid-responsive-slideshow\/backgrounds\/black.png\") repeat scroll 0% 0% transparent !important; padding:25px;'><h4 style='text-align:left; color:#ffffff;'>Gestreift<\/h4><div style='text-align:left; color:#ffffff;'><\/div><p style='padding-bottom:0px;text-align:left;' class='frs-caption-button frs-buttonskin-white'><a href='#'><span>Button Is Here<\/span><\/a><\/p><\/div><\/div><\/div><\/div><\/div><div class='frs-slide-img' style = 'display:none;background:#000000' ><img data-recalc-dims=\"1\" alt='The Sentinel' src=\"https:\/\/i0.wp.com\/www.gosouth.ch\/wp-content\/uploads\/2017\/03\/thumb_P1040772_1024.jpg?w=840&#038;ssl=1\" \/><div class='frs-caption frs-caption-position-left' style='display: block;' id='captionstartseitepjc'><div class='frs-caption-outer' style='height:100%;width:100%;display:table;'><div class='frs-caption-inner' style='text-align:left; height:100%;display:table-cell;'><div class='frs-caption-content' style='width: 41.666666666667%; background: url(\"https:\/\/www.gosouth.ch\/wp-content\/plugins\/fluid-responsive-slideshow\/backgrounds\/black.png\") repeat scroll 0% 0% transparent !important; padding:25px;'><h4 style='text-align:left; color:#ffffff;'>The Sentinel<\/h4><div style='text-align:left; color:#ffffff;'><\/div><p style='padding-bottom:0px;text-align:left;' class='frs-caption-button frs-buttonskin-white'><a href='#'><span>Button Is Here<\/span><\/a><\/p><\/div><\/div><\/div><\/div><\/div><div class='frs-slide-img' style = 'display:none;background:#000000' ><img data-recalc-dims=\"1\" alt='Durstige Sache!' src=\"https:\/\/i0.wp.com\/www.gosouth.ch\/wp-content\/uploads\/2017\/03\/thumb_P1040108_1024.jpg?w=840&#038;ssl=1\" \/><div class='frs-caption frs-caption-position-left' style='display: block;' id='captionstartseitepjc'><div class='frs-caption-outer' style='height:100%;width:100%;display:table;'><div class='frs-caption-inner' style='text-align:left; height:100%;display:table-cell;'><div class='frs-caption-content' style='width: 41.666666666667%; background: url(\"https:\/\/www.gosouth.ch\/wp-content\/plugins\/fluid-responsive-slideshow\/backgrounds\/black.png\") repeat scroll 0% 0% transparent !important; padding:25px;'><h4 style='text-align:left; color:#ffffff;'>Durstige Sache!<\/h4><div style='text-align:left; color:#ffffff;'><\/div><p style='padding-bottom:0px;text-align:left;' class='frs-caption-button frs-buttonskin-white'><a href='#'><span>Button Is Here<\/span><\/a><\/p><\/div><\/div><\/div><\/div><\/div><div class='frs-slide-img' style = 'display:none;background:#000000' ><img data-recalc-dims=\"1\" alt='The Mother City' src=\"https:\/\/i0.wp.com\/www.gosouth.ch\/wp-content\/uploads\/2016\/12\/thumb_P1000123_1024.jpg?w=840&#038;ssl=1\" \/><div class='frs-caption frs-caption-position-left' style='display: block;' id='captionstartseitepjc'><div class='frs-caption-outer' style='height:100%;width:100%;display:table;'><div class='frs-caption-inner' style='text-align:left; height:100%;display:table-cell;'><div class='frs-caption-content' style='width: 41.666666666667%; background: url(\"https:\/\/www.gosouth.ch\/wp-content\/plugins\/fluid-responsive-slideshow\/backgrounds\/black.png\") repeat scroll 0% 0% transparent !important; padding:25px;'><h4 style='text-align:left; color:#ffffff;'>The Mother City<\/h4><div style='text-align:left; color:#ffffff;'><\/div><p style='padding-bottom:0px;text-align:left;' class='frs-caption-button frs-buttonskin-white'><a href='#'><span>Button Is Here<\/span><\/a><\/p><\/div><\/div><\/div><\/div><\/div><\/div><\/div><script type='text\/javascript'>jQuery(document).ready(function($){})<\/script>\n","protected":false},"excerpt":{"rendered":"<p>Herzlich willkommen auf GoSouth! Tauchen Sie ein ins\u00a0wundersch\u00f6ne S\u00fcdafrika\u00a0und erfahren Sie mehr \u00fcber uns und unser Angebot. Der\u00a0Reiseblog\u00a0bietet Interessierten die[&#8230;]<\/p>\n","protected":false},"author":1,"featured_media":88,"parent":0,"menu_order":0,"comment_status":"closed","ping_status":"closed","template":"","meta":{"jetpack_post_was_ever_published":false,"footnotes":""},"class_list":["post-2","page","type-page","status-publish","has-post-thumbnail","hentry"],"jetpack_sharing_enabled":true,"jetpack_shortlink":"https:\/\/wp.me\/P7RG3R-2","_links":{"self":[{"href":"https:\/\/www.gosouth.ch\/index.php?rest_route=\/wp\/v2\/pages\/2","targetHints":{"allow":["GET"]}}],"collection":[{"href":"https:\/\/www.gosouth.ch\/index.php?rest_route=\/wp\/v2\/pages"}],"about":[{"href":"https:\/\/www.gosouth.ch\/index.php?rest_route=\/wp\/v2\/types\/page"}],"author":[{"embeddable":true,"href":"https:\/\/www.gosouth.ch\/index.php?rest_route=\/wp\/v2\/users\/1"}],"replies":[{"embeddable":true,"href":"https:\/\/www.gosouth.ch\/index.php?rest_route=%2Fwp%2Fv2%2Fcomments&post=2"}],"version-history":[{"count":32,"href":"https:\/\/www.gosouth.ch\/index.php?rest_route=\/wp\/v2\/pages\/2\/revisions"}],"predecessor-version":[{"id":1390,"href":"https:\/\/www.gosouth.ch\/index.php?rest_route=\/wp\/v2\/pages\/2\/revisions\/1390"}],"wp:featuredmedia":[{"embeddable":true,"href":"https:\/\/www.gosouth.ch\/index.php?rest_route=\/wp\/v2\/media\/88"}],"wp:attachment":[{"href":"https:\/\/www.gosouth.ch\/index.php?rest_route=%2Fwp%2Fv2%2Fmedia&parent=2"}],"curies":[{"name":"wp","href":"https:\/\/api.w.org\/{rel}","templated":true}]}}