{"id":18,"date":"2016-12-26T14:20:46","date_gmt":"2016-12-26T13:20:46","guid":{"rendered":"http:\/\/www.gosouth.ch\/?page_id=18"},"modified":"2017-02-01T21:18:27","modified_gmt":"2017-02-01T20:18:27","slug":"der-ruf-des-adlers","status":"publish","type":"page","link":"https:\/\/www.gosouth.ch\/?page_id=18&lang=de","title":{"rendered":"Es war einmal"},"content":{"rendered":"<h2>\u2026 der Ruf des Adlers!<\/h2>\n<p>Ein afrikanisches Sprichwort besagt, dass Menschen, die w\u00e4hrend ihrer Reise durch Afrika den Ruf des Adlers h\u00f6ren, immer wieder in dieses Land zur\u00fcckkehren. Im 2008 habe ich ihn in S\u00fcdafrika geh\u00f6rt, den Ruf des Adlers&#8230;!<\/p>\n<p>Damit wurde meine \u00dcberzeugung, dass eigentlich jeder Mensch einmal im Leben ans sogenannte &#171;sch\u00f6nste Ende der Welt&#187; reisen sollte, immer st\u00e4rker.<\/p>\n<p>Und mit diesem Gedanken begann &#171;GoSouth&#187; zu entstehen&#8230;<\/p>\n<p>Yvonne Wyss<\/p>\n","protected":false},"excerpt":{"rendered":"<p>\u2026 der Ruf des Adlers! Ein afrikanisches Sprichwort besagt, dass Menschen, die w\u00e4hrend ihrer Reise durch Afrika den Ruf des[&#8230;]<\/p>\n","protected":false},"author":1,"featured_media":367,"parent":0,"menu_order":0,"comment_status":"closed","ping_status":"closed","template":"","meta":{"jetpack_post_was_ever_published":false,"footnotes":""},"class_list":["post-18","page","type-page","status-publish","has-post-thumbnail","hentry"],"jetpack_sharing_enabled":true,"jetpack_shortlink":"https:\/\/wp.me\/P7RG3R-i","_links":{"self":[{"href":"https:\/\/www.gosouth.ch\/index.php?rest_route=\/wp\/v2\/pages\/18","targetHints":{"allow":["GET"]}}],"collection":[{"href":"https:\/\/www.gosouth.ch\/index.php?rest_route=\/wp\/v2\/pages"}],"about":[{"href":"https:\/\/www.gosouth.ch\/index.php?rest_route=\/wp\/v2\/types\/page"}],"author":[{"embeddable":true,"href":"https:\/\/www.gosouth.ch\/index.php?rest_route=\/wp\/v2\/users\/1"}],"replies":[{"embeddable":true,"href":"https:\/\/www.gosouth.ch\/index.php?rest_route=%2Fwp%2Fv2%2Fcomments&post=18"}],"version-history":[{"count":3,"href":"https:\/\/www.gosouth.ch\/index.php?rest_route=\/wp\/v2\/pages\/18\/revisions"}],"predecessor-version":[{"id":76,"href":"https:\/\/www.gosouth.ch\/index.php?rest_route=\/wp\/v2\/pages\/18\/revisions\/76"}],"wp:featuredmedia":[{"embeddable":true,"href":"https:\/\/www.gosouth.ch\/index.php?rest_route=\/wp\/v2\/media\/367"}],"wp:attachment":[{"href":"https:\/\/www.gosouth.ch\/index.php?rest_route=%2Fwp%2Fv2%2Fmedia&parent=18"}],"curies":[{"name":"wp","href":"https:\/\/api.w.org\/{rel}","templated":true}]}}